{"id":15,"date":"2023-02-01T16:13:06","date_gmt":"2023-02-01T19:13:06","guid":{"rendered":"http:\/\/localhost\/portalmarrocos\/wordpress\/?page_id=15"},"modified":"2023-02-01T16:13:06","modified_gmt":"2023-02-01T19:13:06","slug":"dicas-e-curiosidades","status":"publish","type":"page","link":"https:\/\/marrrocos.acsdev.xyz\/?page_id=15","title":{"rendered":"Dicas e Curiosidades"},"content":{"rendered":"","protected":false},"excerpt":{"rendered":"","protected":false},"author":2,"featured_media":0,"parent":0,"menu_order":0,"comment_status":"closed","ping_status":"closed","template":"","meta":{"_acf_changed":false,"footnotes":""},"class_list":["post-15","page","type-page","status-publish","hentry"],"acf":[],"yoast_head":"<!-- This site is optimized with the Yoast SEO plugin v27.5 - https:\/\/yoast.com\/product\/yoast-seo-wordpress\/ -->\n<title>Dicas e Curiosidades - Portal Marrocos - Ag\u00eancia de turismo especializada em Marrocos<\/title>\n<meta name=\"robots\" content=\"index, follow, max-snippet:-1, max-image-preview:large, max-video-preview:-1\" \/>\n<link rel=\"canonical\" href=\"https:\/\/marrrocos.acsdev.xyz\/?page_id=15\" \/>\n<meta property=\"og:locale\" content=\"pt_BR\" \/>\n<meta property=\"og:type\" content=\"article\" \/>\n<meta property=\"og:title\" content=\"Dicas e Curiosidades - Portal Marrocos - Ag\u00eancia de turismo especializada em Marrocos\" \/>\n<meta property=\"og:url\" content=\"https:\/\/marrrocos.acsdev.xyz\/?page_id=15\" \/>\n<meta property=\"og:site_name\" content=\"Portal Marrocos - Ag\u00eancia de turismo especializada em Marrocos\" \/>\n<meta property=\"article:publisher\" content=\"https:\/\/www.facebook.com\/portalmarrocos\" \/>\n<meta name=\"twitter:card\" content=\"summary_large_image\" \/>\n<script type=\"application\/ld+json\" class=\"yoast-schema-graph\">{\"@context\":\"https:\\\/\\\/schema.org\",\"@graph\":[{\"@type\":\"WebPage\",\"@id\":\"https:\\\/\\\/marrrocos.acsdev.xyz\\\/?page_id=15\",\"url\":\"https:\\\/\\\/marrrocos.acsdev.xyz\\\/?page_id=15\",\"name\":\"Dicas e Curiosidades - Portal Marrocos - Ag\u00eancia de turismo especializada em Marrocos\",\"isPartOf\":{\"@id\":\"https:\\\/\\\/marrrocos.acsdev.xyz\\\/#website\"},\"datePublished\":\"2023-02-01T19:13:06+00:00\",\"breadcrumb\":{\"@id\":\"https:\\\/\\\/marrrocos.acsdev.xyz\\\/?page_id=15#breadcrumb\"},\"inLanguage\":\"pt-BR\",\"potentialAction\":[{\"@type\":\"ReadAction\",\"target\":[\"https:\\\/\\\/marrrocos.acsdev.xyz\\\/?page_id=15\"]}]},{\"@type\":\"BreadcrumbList\",\"@id\":\"https:\\\/\\\/marrrocos.acsdev.xyz\\\/?page_id=15#breadcrumb\",\"itemListElement\":[{\"@type\":\"ListItem\",\"position\":1,\"name\":\"In\u00edcio\",\"item\":\"https:\\\/\\\/marrrocos.acsdev.xyz\\\/\"},{\"@type\":\"ListItem\",\"position\":2,\"name\":\"Dicas e Curiosidades\"}]},{\"@type\":\"WebSite\",\"@id\":\"https:\\\/\\\/marrrocos.acsdev.xyz\\\/#website\",\"url\":\"https:\\\/\\\/marrrocos.acsdev.xyz\\\/\",\"name\":\"Portal Marrocos - Ag\u00eancia de turismo especializada em Marrocos\",\"description\":\"Pacotes de viagem para Marrocos com sa\u00eddas de Marrakech, Fez e T\u00e2nger. Roteiros pelo deserto do Saara e cidades imperiais.\",\"publisher\":{\"@id\":\"https:\\\/\\\/marrrocos.acsdev.xyz\\\/#organization\"},\"potentialAction\":[{\"@type\":\"SearchAction\",\"target\":{\"@type\":\"EntryPoint\",\"urlTemplate\":\"https:\\\/\\\/marrrocos.acsdev.xyz\\\/?s={search_term_string}\"},\"query-input\":{\"@type\":\"PropertyValueSpecification\",\"valueRequired\":true,\"valueName\":\"search_term_string\"}}],\"inLanguage\":\"pt-BR\"},{\"@type\":\"Organization\",\"@id\":\"https:\\\/\\\/marrrocos.acsdev.xyz\\\/#organization\",\"name\":\"Portal Marrocos\",\"url\":\"https:\\\/\\\/marrrocos.acsdev.xyz\\\/\",\"logo\":{\"@type\":\"ImageObject\",\"inLanguage\":\"pt-BR\",\"@id\":\"https:\\\/\\\/marrrocos.acsdev.xyz\\\/#\\\/schema\\\/logo\\\/image\\\/\",\"url\":\"https:\\\/\\\/marrrocos.acsdev.xyz\\\/wp-content\\\/uploads\\\/2023\\\/02\\\/favicon.webp\",\"contentUrl\":\"https:\\\/\\\/marrrocos.acsdev.xyz\\\/wp-content\\\/uploads\\\/2023\\\/02\\\/favicon.webp\",\"width\":2134,\"height\":2134,\"caption\":\"Portal Marrocos\"},\"image\":{\"@id\":\"https:\\\/\\\/marrrocos.acsdev.xyz\\\/#\\\/schema\\\/logo\\\/image\\\/\"},\"sameAs\":[\"https:\\\/\\\/www.facebook.com\\\/portalmarrocos\",\"https:\\\/\\\/www.instagram.com\\\/portalmarrocos\\\/\"]}]}<\/script>\n<!-- \/ Yoast SEO plugin. -->","yoast_head_json":{"title":"Dicas e Curiosidades - Portal Marrocos - Ag\u00eancia de turismo especializada em Marrocos","robots":{"index":"index","follow":"follow","max-snippet":"max-snippet:-1","max-image-preview":"max-image-preview:large","max-video-preview":"max-video-preview:-1"},"canonical":"https:\/\/marrrocos.acsdev.xyz\/?page_id=15","og_locale":"pt_BR","og_type":"article","og_title":"Dicas e Curiosidades - Portal Marrocos - Ag\u00eancia de turismo especializada em Marrocos","og_url":"https:\/\/marrrocos.acsdev.xyz\/?page_id=15","og_site_name":"Portal Marrocos - Ag\u00eancia de turismo especializada em Marrocos","article_publisher":"https:\/\/www.facebook.com\/portalmarrocos","twitter_card":"summary_large_image","schema":{"@context":"https:\/\/schema.org","@graph":[{"@type":"WebPage","@id":"https:\/\/marrrocos.acsdev.xyz\/?page_id=15","url":"https:\/\/marrrocos.acsdev.xyz\/?page_id=15","name":"Dicas e Curiosidades - Portal Marrocos - Ag\u00eancia de turismo especializada em Marrocos","isPartOf":{"@id":"https:\/\/marrrocos.acsdev.xyz\/#website"},"datePublished":"2023-02-01T19:13:06+00:00","breadcrumb":{"@id":"https:\/\/marrrocos.acsdev.xyz\/?page_id=15#breadcrumb"},"inLanguage":"pt-BR","potentialAction":[{"@type":"ReadAction","target":["https:\/\/marrrocos.acsdev.xyz\/?page_id=15"]}]},{"@type":"BreadcrumbList","@id":"https:\/\/marrrocos.acsdev.xyz\/?page_id=15#breadcrumb","itemListElement":[{"@type":"ListItem","position":1,"name":"In\u00edcio","item":"https:\/\/marrrocos.acsdev.xyz\/"},{"@type":"ListItem","position":2,"name":"Dicas e Curiosidades"}]},{"@type":"WebSite","@id":"https:\/\/marrrocos.acsdev.xyz\/#website","url":"https:\/\/marrrocos.acsdev.xyz\/","name":"Portal Marrocos - Ag\u00eancia de turismo especializada em Marrocos","description":"Pacotes de viagem para Marrocos com sa\u00eddas de Marrakech, Fez e T\u00e2nger. Roteiros pelo deserto do Saara e cidades imperiais.","publisher":{"@id":"https:\/\/marrrocos.acsdev.xyz\/#organization"},"potentialAction":[{"@type":"SearchAction","target":{"@type":"EntryPoint","urlTemplate":"https:\/\/marrrocos.acsdev.xyz\/?s={search_term_string}"},"query-input":{"@type":"PropertyValueSpecification","valueRequired":true,"valueName":"search_term_string"}}],"inLanguage":"pt-BR"},{"@type":"Organization","@id":"https:\/\/marrrocos.acsdev.xyz\/#organization","name":"Portal Marrocos","url":"https:\/\/marrrocos.acsdev.xyz\/","logo":{"@type":"ImageObject","inLanguage":"pt-BR","@id":"https:\/\/marrrocos.acsdev.xyz\/#\/schema\/logo\/image\/","url":"https:\/\/marrrocos.acsdev.xyz\/wp-content\/uploads\/2023\/02\/favicon.webp","contentUrl":"https:\/\/marrrocos.acsdev.xyz\/wp-content\/uploads\/2023\/02\/favicon.webp","width":2134,"height":2134,"caption":"Portal Marrocos"},"image":{"@id":"https:\/\/marrrocos.acsdev.xyz\/#\/schema\/logo\/image\/"},"sameAs":["https:\/\/www.facebook.com\/portalmarrocos","https:\/\/www.instagram.com\/portalmarrocos\/"]}]}},"_links":{"self":[{"href":"https:\/\/marrrocos.acsdev.xyz\/index.php?rest_route=\/wp\/v2\/pages\/15","targetHints":{"allow":["GET"]}}],"collection":[{"href":"https:\/\/marrrocos.acsdev.xyz\/index.php?rest_route=\/wp\/v2\/pages"}],"about":[{"href":"https:\/\/marrrocos.acsdev.xyz\/index.php?rest_route=\/wp\/v2\/types\/page"}],"author":[{"embeddable":true,"href":"https:\/\/marrrocos.acsdev.xyz\/index.php?rest_route=\/wp\/v2\/users\/2"}],"replies":[{"embeddable":true,"href":"https:\/\/marrrocos.acsdev.xyz\/index.php?rest_route=%2Fwp%2Fv2%2Fcomments&post=15"}],"version-history":[{"count":1,"href":"https:\/\/marrrocos.acsdev.xyz\/index.php?rest_route=\/wp\/v2\/pages\/15\/revisions"}],"predecessor-version":[{"id":16,"href":"https:\/\/marrrocos.acsdev.xyz\/index.php?rest_route=\/wp\/v2\/pages\/15\/revisions\/16"}],"wp:attachment":[{"href":"https:\/\/marrrocos.acsdev.xyz\/index.php?rest_route=%2Fwp%2Fv2%2Fmedia&parent=15"}],"curies":[{"name":"wp","href":"https:\/\/api.w.org\/{rel}","templated":true}]}}