{"id":1719,"date":"2026-05-14T19:37:55","date_gmt":"2026-05-14T22:37:55","guid":{"rendered":"http:\/\/localhost\/portalmarrocos\/wordpress\/?page_id=1719"},"modified":"2026-05-14T19:41:42","modified_gmt":"2026-05-14T22:41:42","slug":"contato","status":"publish","type":"page","link":"https:\/\/marrrocos.acsdev.xyz\/?page_id=1719","title":{"rendered":"Contato"},"content":{"rendered":"<h2 class=\"sub contato__subtitle\">Fale com a nossa equipe<\/h2>\n<div class=\"contato__form pm-contato__form\">\n<div class=\"wpcf7 no-js\" id=\"wpcf7-f209-o1\" lang=\"pt-BR\" dir=\"ltr\" data-wpcf7-id=\"209\">\n<div class=\"screen-reader-response\"><p role=\"status\" aria-live=\"polite\" aria-atomic=\"true\"><\/p> <ul><\/ul><\/div>\n<form action=\"\/index.php?rest_route=%2Fwp%2Fv2%2Fpages%2F1719#wpcf7-f209-o1\" method=\"post\" class=\"wpcf7-form init\" aria-label=\"Formul\u00e1rios de contato\" novalidate=\"novalidate\" data-status=\"init\">\n<fieldset class=\"hidden-fields-container\"><input type=\"hidden\" name=\"_wpcf7\" value=\"209\" \/><input type=\"hidden\" name=\"_wpcf7_version\" value=\"6.1.5\" \/><input type=\"hidden\" name=\"_wpcf7_locale\" value=\"pt_BR\" \/><input type=\"hidden\" name=\"_wpcf7_unit_tag\" value=\"wpcf7-f209-o1\" \/><input type=\"hidden\" name=\"_wpcf7_container_post\" value=\"0\" \/><input type=\"hidden\" name=\"_wpcf7_posted_data_hash\" value=\"\" \/><input type=\"hidden\" name=\"_wpcf7_recaptcha_response\" value=\"\" \/>\n<\/fieldset>\n<div class=\"form-group contato__full\">\n\t<p><label class=\"sr-only\" for=\"contato__nome\">Nome completo<\/label><br \/>\n<span class=\"wpcf7-form-control-wrap\" data-name=\"Nome\"><input size=\"40\" maxlength=\"400\" class=\"wpcf7-form-control wpcf7-text wpcf7-validates-as-required contato__input\" id=\"contato__nome\" aria-required=\"true\" aria-invalid=\"false\" placeholder=\"Nome completo*\" value=\"\" type=\"text\" name=\"Nome\" \/><\/span>\n\t<\/p>\n<\/div>\n<div class=\"group contato__dupla\">\n\t<div class=\"form-group\">\n\t\t<p><label class=\"sr-only\" for=\"contato__email\">Email<\/label><br \/>\n<span class=\"wpcf7-form-control-wrap\" data-name=\"email-490\"><input size=\"40\" maxlength=\"400\" class=\"wpcf7-form-control wpcf7-email wpcf7-validates-as-required wpcf7-text wpcf7-validates-as-email contato__input\" id=\"contato__email\" aria-required=\"true\" aria-invalid=\"false\" placeholder=\"Email*\" value=\"\" type=\"email\" name=\"email-490\" \/><\/span>\n\t\t<\/p>\n\t<\/div>\n\t<div class=\"form-group\">\n\t\t<p><label class=\"sr-only\" for=\"contato__telefone\">Telefone<\/label><br \/>\n<span class=\"wpcf7-form-control-wrap\" data-name=\"Telefone\"><input size=\"40\" maxlength=\"400\" class=\"wpcf7-form-control wpcf7-tel wpcf7-validates-as-required wpcf7-text wpcf7-validates-as-tel contato__input\" id=\"contato__telefone\" aria-required=\"true\" aria-invalid=\"false\" placeholder=\"Telefone* (fixo ou celular) DDD+n\u00famero\" value=\"\" type=\"tel\" name=\"Telefone\" \/><\/span>\n\t\t<\/p>\n\t<\/div>\n<\/div>\n<div class=\"form-group contato__full\">\n\t<p><label class=\"sr-only\" for=\"contato__assunto\">Assunto<\/label><br \/>\n<span class=\"wpcf7-form-control-wrap\" data-name=\"Assunto\"><input size=\"40\" maxlength=\"400\" class=\"wpcf7-form-control wpcf7-text contato__input\" id=\"contato__assunto\" aria-invalid=\"false\" placeholder=\"Assunto\" value=\"\" type=\"text\" name=\"Assunto\" \/><\/span>\n\t<\/p>\n<\/div>\n<div class=\"form-group contato__full\">\n\t<p><label class=\"sr-only\" for=\"contato__mensagem\">Mensagem<\/label><br \/>\n<span class=\"wpcf7-form-control-wrap\" data-name=\"Mensagem\"><textarea cols=\"40\" rows=\"10\" maxlength=\"2000\" class=\"wpcf7-form-control wpcf7-textarea contato__input\" id=\"contato__mensagem\" aria-invalid=\"false\" placeholder=\"Mensagem\" name=\"Mensagem\"><\/textarea><\/span>\n\t<\/p>\n<\/div>\n<div class=\"checkbox__custom contato__check\">\n\t<p><span class=\"wpcf7-form-control-wrap\" data-name=\"aceite-termos\"><span class=\"wpcf7-form-control wpcf7-acceptance\"><span class=\"wpcf7-list-item\"><label><input type=\"checkbox\" name=\"aceite-termos\" value=\"1\" class=\"custom__check__input\" id=\"check__contato\" aria-invalid=\"false\" \/><span class=\"wpcf7-list-item-label\">Eu li e concordo com os <a href=\"\/portalmarrocos\/wordpress\/politica-de-privacidade\/\">termos e condi\u00e7\u00f5es de uso.<\/a><\/span><\/label><\/span><\/span><\/span>\n\t<\/p>\n<\/div>\n<div class=\"captcha\">\n<span class=\"wpcf7-form-control-wrap recaptcha\" data-name=\"recaptcha\"><span data-sitekey=\"6LdgzoglAAAAAOHbBQmmNG1iY0CVk0Axzn-LVDXP\" class=\"wpcf7-form-control wpcf7-recaptcha g-recaptcha\"><\/span>\r\n<noscript>\r\n\t<div class=\"grecaptcha-noscript\">\r\n\t\t<iframe loading=\"lazy\" src=\"https:\/\/www.google.com\/recaptcha\/api\/fallback?k=6LdgzoglAAAAAOHbBQmmNG1iY0CVk0Axzn-LVDXP\" frameborder=\"0\" scrolling=\"no\" width=\"310\" height=\"430\">\r\n\t\t<\/iframe>\r\n\t\t<textarea name=\"g-recaptcha-response\" rows=\"3\" cols=\"40\" placeholder=\"reCaptcha Response Here\">\r\n\t\t<\/textarea>\r\n\t<\/div>\r\n<\/noscript>\r\n<\/span>\n<\/div>\n<div class=\"form-group contato__submit\">\n\t<p><button class=\"enviar__botao\" data-animate=\"fadeInUpBig animated\">Enviar mensagem<\/button>\n\t<\/p>\n<\/div><div class=\"wpcf7-response-output\" aria-hidden=\"true\"><\/div>\n<\/form>\n<\/div>\n<\/div>\n<div class=\"contato__mapa\">\n<div class=\"embed-responsive\"><\/div>\n<\/div>\n","protected":false},"excerpt":{"rendered":"<p>Fale com a nossa equipe<\/p>\n","protected":false},"author":0,"featured_media":0,"parent":0,"menu_order":0,"comment_status":"closed","ping_status":"closed","template":"","meta":{"_acf_changed":false,"footnotes":""},"class_list":["post-1719","page","type-page","status-publish","hentry"],"acf":[],"yoast_head":"<!-- This site is optimized with the Yoast SEO plugin v27.5 - https:\/\/yoast.com\/product\/yoast-seo-wordpress\/ -->\n<title>Contato - Portal Marrocos - Ag\u00eancia de turismo especializada em Marrocos<\/title>\n<meta name=\"robots\" content=\"index, follow, max-snippet:-1, max-image-preview:large, max-video-preview:-1\" \/>\n<link rel=\"canonical\" href=\"https:\/\/marrrocos.acsdev.xyz\/?page_id=1719\" \/>\n<meta property=\"og:locale\" content=\"pt_BR\" \/>\n<meta property=\"og:type\" content=\"article\" \/>\n<meta property=\"og:title\" content=\"Contato - Portal Marrocos - Ag\u00eancia de turismo especializada em Marrocos\" \/>\n<meta property=\"og:description\" content=\"Fale com a nossa equipe\" \/>\n<meta property=\"og:url\" content=\"https:\/\/marrrocos.acsdev.xyz\/?page_id=1719\" \/>\n<meta property=\"og:site_name\" content=\"Portal Marrocos - Ag\u00eancia de turismo especializada em Marrocos\" \/>\n<meta property=\"article:publisher\" content=\"https:\/\/www.facebook.com\/portalmarrocos\" \/>\n<meta property=\"article:modified_time\" content=\"2026-05-14T22:41:42+00:00\" \/>\n<meta name=\"twitter:card\" content=\"summary_large_image\" \/>\n<script type=\"application\/ld+json\" class=\"yoast-schema-graph\">{\"@context\":\"https:\\\/\\\/schema.org\",\"@graph\":[{\"@type\":\"WebPage\",\"@id\":\"https:\\\/\\\/marrrocos.acsdev.xyz\\\/?page_id=1719\",\"url\":\"https:\\\/\\\/marrrocos.acsdev.xyz\\\/?page_id=1719\",\"name\":\"Contato - Portal Marrocos - Ag\u00eancia de turismo especializada em Marrocos\",\"isPartOf\":{\"@id\":\"https:\\\/\\\/marrrocos.acsdev.xyz\\\/#website\"},\"datePublished\":\"2026-05-14T22:37:55+00:00\",\"dateModified\":\"2026-05-14T22:41:42+00:00\",\"breadcrumb\":{\"@id\":\"https:\\\/\\\/marrrocos.acsdev.xyz\\\/?page_id=1719#breadcrumb\"},\"inLanguage\":\"pt-BR\",\"potentialAction\":[{\"@type\":\"ReadAction\",\"target\":[\"https:\\\/\\\/marrrocos.acsdev.xyz\\\/?page_id=1719\"]}]},{\"@type\":\"BreadcrumbList\",\"@id\":\"https:\\\/\\\/marrrocos.acsdev.xyz\\\/?page_id=1719#breadcrumb\",\"itemListElement\":[{\"@type\":\"ListItem\",\"position\":1,\"name\":\"In\u00edcio\",\"item\":\"https:\\\/\\\/marrrocos.acsdev.xyz\\\/\"},{\"@type\":\"ListItem\",\"position\":2,\"name\":\"Contato\"}]},{\"@type\":\"WebSite\",\"@id\":\"https:\\\/\\\/marrrocos.acsdev.xyz\\\/#website\",\"url\":\"https:\\\/\\\/marrrocos.acsdev.xyz\\\/\",\"name\":\"Portal Marrocos - Ag\u00eancia de turismo especializada em Marrocos\",\"description\":\"Pacotes de viagem para Marrocos com sa\u00eddas de Marrakech, Fez e T\u00e2nger. Roteiros pelo deserto do Saara e cidades imperiais.\",\"publisher\":{\"@id\":\"https:\\\/\\\/marrrocos.acsdev.xyz\\\/#organization\"},\"potentialAction\":[{\"@type\":\"SearchAction\",\"target\":{\"@type\":\"EntryPoint\",\"urlTemplate\":\"https:\\\/\\\/marrrocos.acsdev.xyz\\\/?s={search_term_string}\"},\"query-input\":{\"@type\":\"PropertyValueSpecification\",\"valueRequired\":true,\"valueName\":\"search_term_string\"}}],\"inLanguage\":\"pt-BR\"},{\"@type\":\"Organization\",\"@id\":\"https:\\\/\\\/marrrocos.acsdev.xyz\\\/#organization\",\"name\":\"Portal Marrocos\",\"url\":\"https:\\\/\\\/marrrocos.acsdev.xyz\\\/\",\"logo\":{\"@type\":\"ImageObject\",\"inLanguage\":\"pt-BR\",\"@id\":\"https:\\\/\\\/marrrocos.acsdev.xyz\\\/#\\\/schema\\\/logo\\\/image\\\/\",\"url\":\"https:\\\/\\\/marrrocos.acsdev.xyz\\\/wp-content\\\/uploads\\\/2023\\\/02\\\/favicon.webp\",\"contentUrl\":\"https:\\\/\\\/marrrocos.acsdev.xyz\\\/wp-content\\\/uploads\\\/2023\\\/02\\\/favicon.webp\",\"width\":2134,\"height\":2134,\"caption\":\"Portal Marrocos\"},\"image\":{\"@id\":\"https:\\\/\\\/marrrocos.acsdev.xyz\\\/#\\\/schema\\\/logo\\\/image\\\/\"},\"sameAs\":[\"https:\\\/\\\/www.facebook.com\\\/portalmarrocos\",\"https:\\\/\\\/www.instagram.com\\\/portalmarrocos\\\/\"]}]}<\/script>\n<!-- \/ Yoast SEO plugin. -->","yoast_head_json":{"title":"Contato - Portal Marrocos - Ag\u00eancia de turismo especializada em Marrocos","robots":{"index":"index","follow":"follow","max-snippet":"max-snippet:-1","max-image-preview":"max-image-preview:large","max-video-preview":"max-video-preview:-1"},"canonical":"https:\/\/marrrocos.acsdev.xyz\/?page_id=1719","og_locale":"pt_BR","og_type":"article","og_title":"Contato - Portal Marrocos - Ag\u00eancia de turismo especializada em Marrocos","og_description":"Fale com a nossa equipe","og_url":"https:\/\/marrrocos.acsdev.xyz\/?page_id=1719","og_site_name":"Portal Marrocos - Ag\u00eancia de turismo especializada em Marrocos","article_publisher":"https:\/\/www.facebook.com\/portalmarrocos","article_modified_time":"2026-05-14T22:41:42+00:00","twitter_card":"summary_large_image","schema":{"@context":"https:\/\/schema.org","@graph":[{"@type":"WebPage","@id":"https:\/\/marrrocos.acsdev.xyz\/?page_id=1719","url":"https:\/\/marrrocos.acsdev.xyz\/?page_id=1719","name":"Contato - Portal Marrocos - Ag\u00eancia de turismo especializada em Marrocos","isPartOf":{"@id":"https:\/\/marrrocos.acsdev.xyz\/#website"},"datePublished":"2026-05-14T22:37:55+00:00","dateModified":"2026-05-14T22:41:42+00:00","breadcrumb":{"@id":"https:\/\/marrrocos.acsdev.xyz\/?page_id=1719#breadcrumb"},"inLanguage":"pt-BR","potentialAction":[{"@type":"ReadAction","target":["https:\/\/marrrocos.acsdev.xyz\/?page_id=1719"]}]},{"@type":"BreadcrumbList","@id":"https:\/\/marrrocos.acsdev.xyz\/?page_id=1719#breadcrumb","itemListElement":[{"@type":"ListItem","position":1,"name":"In\u00edcio","item":"https:\/\/marrrocos.acsdev.xyz\/"},{"@type":"ListItem","position":2,"name":"Contato"}]},{"@type":"WebSite","@id":"https:\/\/marrrocos.acsdev.xyz\/#website","url":"https:\/\/marrrocos.acsdev.xyz\/","name":"Portal Marrocos - Ag\u00eancia de turismo especializada em Marrocos","description":"Pacotes de viagem para Marrocos com sa\u00eddas de Marrakech, Fez e T\u00e2nger. Roteiros pelo deserto do Saara e cidades imperiais.","publisher":{"@id":"https:\/\/marrrocos.acsdev.xyz\/#organization"},"potentialAction":[{"@type":"SearchAction","target":{"@type":"EntryPoint","urlTemplate":"https:\/\/marrrocos.acsdev.xyz\/?s={search_term_string}"},"query-input":{"@type":"PropertyValueSpecification","valueRequired":true,"valueName":"search_term_string"}}],"inLanguage":"pt-BR"},{"@type":"Organization","@id":"https:\/\/marrrocos.acsdev.xyz\/#organization","name":"Portal Marrocos","url":"https:\/\/marrrocos.acsdev.xyz\/","logo":{"@type":"ImageObject","inLanguage":"pt-BR","@id":"https:\/\/marrrocos.acsdev.xyz\/#\/schema\/logo\/image\/","url":"https:\/\/marrrocos.acsdev.xyz\/wp-content\/uploads\/2023\/02\/favicon.webp","contentUrl":"https:\/\/marrrocos.acsdev.xyz\/wp-content\/uploads\/2023\/02\/favicon.webp","width":2134,"height":2134,"caption":"Portal Marrocos"},"image":{"@id":"https:\/\/marrrocos.acsdev.xyz\/#\/schema\/logo\/image\/"},"sameAs":["https:\/\/www.facebook.com\/portalmarrocos","https:\/\/www.instagram.com\/portalmarrocos\/"]}]}},"_links":{"self":[{"href":"https:\/\/marrrocos.acsdev.xyz\/index.php?rest_route=\/wp\/v2\/pages\/1719","targetHints":{"allow":["GET"]}}],"collection":[{"href":"https:\/\/marrrocos.acsdev.xyz\/index.php?rest_route=\/wp\/v2\/pages"}],"about":[{"href":"https:\/\/marrrocos.acsdev.xyz\/index.php?rest_route=\/wp\/v2\/types\/page"}],"replies":[{"embeddable":true,"href":"https:\/\/marrrocos.acsdev.xyz\/index.php?rest_route=%2Fwp%2Fv2%2Fcomments&post=1719"}],"version-history":[{"count":1,"href":"https:\/\/marrrocos.acsdev.xyz\/index.php?rest_route=\/wp\/v2\/pages\/1719\/revisions"}],"predecessor-version":[{"id":1721,"href":"https:\/\/marrrocos.acsdev.xyz\/index.php?rest_route=\/wp\/v2\/pages\/1719\/revisions\/1721"}],"wp:attachment":[{"href":"https:\/\/marrrocos.acsdev.xyz\/index.php?rest_route=%2Fwp%2Fv2%2Fmedia&parent=1719"}],"curies":[{"name":"wp","href":"https:\/\/api.w.org\/{rel}","templated":true}]}}